{"id":957,"date":"2019-03-29T11:49:40","date_gmt":"2019-03-29T10:49:40","guid":{"rendered":"https:\/\/14congreso.clubarbitraje.com\/?page_id=957"},"modified":"2019-03-29T11:50:55","modified_gmt":"2019-03-29T10:50:55","slug":"privacy-policy","status":"publish","type":"page","link":"https:\/\/18congreso.clubarbitraje.com\/en\/privacy-policy\/","title":{"rendered":"Privacy Policy"},"content":{"rendered":"<p>[et_pb_section fb_built=&#8221;1&#8243; _builder_version=&#8221;3.19.18&#8243;][et_pb_row _builder_version=&#8221;3.19.18&#8243;][et_pb_column type=&#8221;4_4&#8243; _builder_version=&#8221;3.19.18&#8243;][et_pb_divider show_divider=&#8221;off&#8221; height=&#8221;300px&#8221; module_class=&#8221;header-sep&#8221; _builder_version=&#8221;3.19.18&#8243; locked=&#8221;off&#8221;][\/et_pb_divider][et_pb_text _builder_version=&#8221;3.19.18&#8243; locked=&#8221;off&#8221;]<\/p>\n<h2>PRIVACIDAD POLICY<\/h2>\n<p>La presente pol\u00edtica de privacidad est\u00e1 dirigida y se aplica a los usuarios que visitan el Sitio Web http:\/\/clubarbitraje.com (en adelante, \u201cSitio Web) del Club Espa\u00f1ol del Arbitraje (en adelante, el \u201cCEA\u201d). Solo ser\u00e1 de aplicaci\u00f3n a la informaci\u00f3n recogida por el CEA a trav\u00e9s del Sitio Web y no se extiende a ninguna otra p\u00e1gina que pueda estar vinculada.<\/p>\n<p>El CEA garantiza la protecci\u00f3n de todos los datos de car\u00e1cter personal que se proporcionen a trav\u00e9s del Sitio Web; ello, en cumplimiento de lo dispuesto por el Reglamento (UE) 2016\/979 del Parlamento Europeo del Consejo de 27 de abril de 2016, relativo a la protecci\u00f3n de las personas f\u00edsicas en lo que respecta al tratamiento de datos personales y a la libre circulaci\u00f3n de estos datos.<\/p>\n<h4>\u00bfCU\u00c1L ES EL OBJETO DE LA PRESENTE POL\u00cdTICA DE PRIVACIDAD?<\/h4>\n<p>El objeto de la presente Pol\u00edtica de Privacidad es regular el acceso y la utilizaci\u00f3n del Sitio Web y los contenidos que se presentan en \u00e9l. El acceso al Sitio Web y la utilizaci\u00f3n de sus contenidos y servicios por cualquier persona (el \u201cUsuario\u201d o los \u201cUsuarios\u201d) implica la adhesi\u00f3n plena y sin reservas a los T\u00e9rminos y Condiciones de Uso publicados en el Sitio Web en el momento que el Usuario acceda a \u00e9l, comprometi\u00e9ndose el Usuario a cumplir las disposiciones dispuestas en \u00e9l y cualquier otra disposici\u00f3n que le fuera de aplicaci\u00f3n.<\/p>\n<p>Es posible que el acceso y la utilizaci\u00f3n de ciertos contenidos y\/o servicios puede estar sometido a determinadas condiciones particulares que completar\u00e1n y\/o modificar\u00e1n las condiciones generales aqu\u00ed recogidas. El acceso y la utilizaci\u00f3n de dichos contenidos y\/o servicios implicar\u00e1n, en consecuencia, la plena adhesi\u00f3n a las condiciones particulares, que quedar\u00e1n incorporadas autom\u00e1ticamente, y en los mismos t\u00e9rminos, a las condiciones generales.<\/p>\n<p>En caso de existir contradicci\u00f3n entre las condiciones generales y las condiciones particulares prevalecer\u00e1n los t\u00e9rminos acordados en las \u00faltimas.<\/p>\n<h4>\u00bfQU\u00c9 TIPO DE DATOS RECOPILAMOS?<\/h4>\n<p>Los datos de car\u00e1cter personal recopilados durante el registro en el Sitio Web son necesarios para administrar y gestionar el mismo y hacer valer nuestros derechos y los de nuestros licenciatarios.<\/p>\n<p>La recopilaci\u00f3n de datos de car\u00e1cter personal que se realiza en el Sitio Web podr\u00eda comprender lo siguiente: nombre; fecha de nacimiento; direcci\u00f3n; correo electr\u00f3nico; tel\u00e9fono y datos de facturaci\u00f3n.<\/p>\n<h4>\u00bfCU\u00c1LES SON LAS FINALIDADES DEL TRATAMIENTO DE LOS DATOS DE NUESTROS USUARIOS?<\/h4>\n<p>El tratamiento de los referidos datos de car\u00e1cter personal, podr\u00e1n tener las siguientes finalidades acordes a las necesidades e intereses del Usuario:<\/p>\n<p>i. Usuario interesado en visitar el Sitio Web y obtener informaci\u00f3n general sobre el CEA y los servicios que ofrece.<\/p>\n<p>&#8211; Permitir la correcta identificaci\u00f3n del Usuario.<br \/>&#8211; Hacer posible su acceso a zonas restringidas del Sitio Web.<br \/>&#8211; Absolver cualquier duda o consulta relativa a los servicios ofrecidos por el CEA.<br \/>&#8211; Facilitar la prestaci\u00f3n de los servicios ofrecidos por el CEA.<br \/>&#8211; Posibilitar su contacto con el CEA, incluyendo la comunicaci\u00f3n de incidencias.<\/p>\n<p>ii. Usuario interesado en hacerse socio del CEA a trav\u00e9s del Sitio Web:<\/p>\n<p>&#8211; Gestionar el alta como socio solicitada por el Usuario e incluirlo en el listado de miembros del CEA, tanto en el registro f\u00edsico como en el establecido en el Sitio Web.<br \/>&#8211; Permitir al Usuario el acceso a los servicios prestados por el CEA.<br \/>&#8211; Facturarle y hacerle llegar la correspondiente factura al domicilio que haya indicado.<br \/>&#8211; Gestionar el cobro de la factura correspondiente.<br \/>&#8211; Realizar las gestiones correspondientes para dar tratamiento de socio al Usuario.<\/p>\n<p>iii. Usuario que tiene la condici\u00f3n de socio del CEA:<\/p>\n<p>&#8211; Mantener su registro en el listado de miembros del CEA, tanto en el registro f\u00edsico como en el establecido en el Sitio Web.<br \/>&#8211; Facturarle y hacerle llegar la correspondiente factura al domicilio que haya indicado.<br \/>&#8211; Gestionar el pago de la factura correspondiente.<br \/>&#8211; Env\u00edo peri\u00f3dico de boletines informativos y alertas de noticias.<br \/>&#8211; Informaci\u00f3n publicitaria y novedades en cuanto a contenidos del Sitio Web relacionados a los servicios y eventos del CEA.<\/p>\n<p>Sin perjuicio de los casos establecidos en los puntos ii) y iii) anteriores, y siempre y cuando el Usuario haya prestado su consentimiento expreso, los datos recabados tambi\u00e9n se podr\u00e1n utilizar para realizar actividades promocionales y publicitarias de los servicios y actividades de CEA o de terceros colaboradores, mediante cualquier medio, especialmente el env\u00edo de correos electr\u00f3nicos. Dichos mensajes publicitarios llevar\u00e1n la identificaci\u00f3n \u201cpublicidad\u201d y en ellos el Usuario podr\u00e1 manifestar su deseo o no de recibirlo. Las actividades publicitarias podr\u00e1n incluir informaci\u00f3n sobre servicios, congresos, eventos, actividades y\/o publicaciones del CEA.<\/p>\n<h4>\u00bfQU\u00c9 DERECHOS TIENE EL INTERESADO Y C\u00d3MO LOS PUEDE EJERCITAR?<\/h4>\n<p>Estos datos ser\u00e1n incorporados en el Registro de Actividades de Tratamiento del CEA. El Usuario podr\u00e1 ejercer los derechos ARCO (Acceso, Rectificaci\u00f3n, Cancelaci\u00f3n, Oposici\u00f3n), Limitaci\u00f3n de tratamiento, Portabilidad y Supresi\u00f3n de sus datos personales mediante comunicado escrito al Responsable del Tratamiento de los datos personales, CEA, a sus oficinas situadas en Calle Jos\u00e9 Ortega y Gasset 22-24, C.P. 28006, Madrid, a la atenci\u00f3n del Departamento de Administraci\u00f3n o; a trav\u00e9s de un correo electr\u00f3nico con la referencia \u201cEjercicio de derecho (tipo) y nombre\u201d, adjuntando copia de su D.N.I., a la direcci\u00f3n electr\u00f3nica administraci\u00f3n@clubarbitraje.com. Sin perjuicio de los derechos ahora mencionados los usuarios tambi\u00e9n tendr\u00e1n derecho a realizar las reclamaciones que consideren pertinentes ante la autoridad de control.<\/p>\n<h4>\u00bfCU\u00c1L ES EL PLAZO DE CONSERVACI\u00d3N DE LOS DATOS PERSONALES DEL USUARIO? 15<\/h4>\n<p>En el caso de los Usuarios que contactan con CEA sin tener la condici\u00f3n de socios, sus datos personales ser\u00e1n suprimidos ni bien se haya absuelto la consulta, salvo que dichos Usuarios consientan el tratamiento de sus datos personales para recibir informaci\u00f3n del CEA; en cuyo caso, los datos personales facilitados ser\u00e1n conservados mientras no se solicite su supresi\u00f3n. Una vez solicitado por el interesado, los datos ser\u00e1n eliminados de nuestros servidores.<\/p>\n<p>En el caso de los socios, sus datos personales se suprimir\u00e1n de la base de datos del CEA, cuando el socio solicite la baja como miembro del CEA.<\/p>\n<h4>\u00bfEL CEA CEDER\u00c1 LOS DATOS DEL USUARIO A TERCEROS?<\/h4>\n<p>CEA no ceder\u00e1 a terceros los datos proporcionados sin consentimiento previo y expreso del interesado o autorizaci\u00f3n judicial.<\/p>\n<p>Se informa que existe sitios web vinculados al nuestro y que estos sitios web no est\u00e1n cubiertos por esta normativa de confidencialidad. Algunos sitios web vinculados pueden estar controlados desde fuera del Espacio Econ\u00f3mico Europea (EEE), y la informaci\u00f3n que usted les proporciones podr\u00eda estar sometida a una legislaci\u00f3n que no garantice a sus datos la misma protecci\u00f3n disponible en el EEE.<\/p>\n<p>Se han incluido enlaces a las principales redes sociales como herramientas publicitarias a trav\u00e9s de sus correspondientes iconos.<\/p>\n<h4>\u00bfCU\u00c1LES SON LAS OBLIGACIONES DE LOS USUARIOS?<\/h4>\n<p>El Usuario se obliga, bajo su exclusiva responsabilidad, de modo enunciativo mas no limitativo: (i) a hacer un uso diligente del Sitio Web, los contenidos y\/o servicios de conformidad con la ley, la moral, las buenas costumbres y el orden p\u00fablico; (ii) a hacer un uso diligente de su nombre de usuario y de su contrase\u00f1a y a mantener ambos en secreto; (iii) a notificar de la suplantaci\u00f3n de la personalidad por parte de terceros; (iv) a no falsear su identidad ni la de un tercero; (v) a no da\u00f1ar, inutilizar o deteriorar el Sitio Web y los contenidos y\/o servicios, ni los sistemas inform\u00e1ticos del CEA o de terceros.<\/p>\n<h4>\u00bfEL CEA TRATA DATOS PERSONALES DE MENORES DE EDAD?<\/h4>\n<p>El CEA informa que no permite que menores de edad faciliten datos personales a trav\u00e9s del Sitio Web.<\/p>\n<h4>\u00bfEL CEA HA ADOPTADO MEDIDAS DE SEGURIDAD EN MATERIA DE PROTECCI\u00d3N DE DATOS PERSONALES?<\/h4>\n<p>El CEA ha adoptado y mantiene las medidas de seguridad t\u00e9cnicas y organizativas necesarias para proteger la informaci\u00f3n personal que los usuarios proporcionan para evitar as\u00ed su alteraci\u00f3n, p\u00e9rdida, tratamiento o acceso no autorizado, habida cuenta del estado de la tecnolog\u00eda, naturaleza de los datos almacenados y los riesgos a los que est\u00e1n expuestos.<\/p>\n<p>Sin embargo, tenga presente que ninguna transmisi\u00f3n de Internet es 100% segura y que tampoco los datos guardados son invulnerables. No podemos garantizar la seguridad de nuestro Sitio Web, bases de datos o servicios, as\u00ed como tampoco podemos garantizar que la informaci\u00f3n que nos env\u00ede no sea interceptada mientras nos la est\u00e1 transmitiendo a trav\u00e9s de Internet. No somos responsables de las acciones de terceros.<\/p>\n<h4>\u00bfSE PUEDE MODIFICAR LA POL\u00cdTICA DE SEGURIDAD?<\/h4>\n<p>El CEA se reserva el derecho de modificar, cambiar o actualizar de cualquier forma, a esta pol\u00edtica y usted consiente que se le vincule a dichas modificaciones, cambios o actualizaciones. Le informaremos sobre los cambios sustanciales en esta Pol\u00edtica de Privacidad publicando la pol\u00edtica actualizada con la fecha en la que se revis\u00f3 en esta p\u00e1gina; si se encuentra registrado, le enviaremos un correo electr\u00f3nico a la direcci\u00f3n que tengamos registrada. El uso continuado (incluyendo acceso, visita y\/o uso de dispositivos interactivos) de nuestro Sitio Web constituye su conformidad con esta Pol\u00edtica de Privacidad y sus actualizaciones. Le invitamos a que consulte peri\u00f3dicamente esta Pol\u00edtica de Privacidad para mantenerse informado acerca de c\u00f3mo protegemos la informaci\u00f3n personal que recogemos.<\/p>\n<h4>\u00bfA D\u00d3NDE PUEDE DIRIGIR SUS NOTIFICACIONES?<\/h4>\n<p>Todas las notificaciones, requerimientos, acuerdos, consentimientos, aceptaciones, aprobaciones o comunicaciones que fueren precisas de conformidad con lo dispuesto en las presentes Condiciones Generales o que, de una u otra forma, estuvieren relacionadas con el mismo, deber\u00e1n ser plasmadas por escrito, y enviadas a CEA por correo postal a Calle Jos\u00e9 Ortega y Gasset 22-24, C.P. 28006, Madrid, a la atenci\u00f3n del Departamento de Administraci\u00f3n.<\/p>\n<p>[\/et_pb_text][\/et_pb_column][\/et_pb_row][\/et_pb_section]<\/p>\n","protected":false},"excerpt":{"rendered":"<p>[et_pb_section fb_built=&#8221;1&#8243; _builder_version=&#8221;3.19.18&#8243;][et_pb_row _builder_version=&#8221;3.19.18&#8243;][et_pb_column type=&#8221;4_4&#8243; _builder_version=&#8221;3.19.18&#8243;][et_pb_divider show_divider=&#8221;off&#8221; height=&#8221;300px&#8221; module_class=&#8221;header-sep&#8221; _builder_version=&#8221;3.19.18&#8243; locked=&#8221;off&#8221;][\/et_pb_divider][et_pb_text _builder_version=&#8221;3.19.18&#8243; locked=&#8221;off&#8221;] PRIVACIDAD POLICY La presente pol\u00edtica de privacidad est\u00e1 dirigida y se aplica a los usuarios que visitan el Sitio Web http:\/\/clubarbitraje.com (en adelante, \u201cSitio Web) del Club Espa\u00f1ol del Arbitraje (en adelante, el \u201cCEA\u201d). Solo ser\u00e1 de aplicaci\u00f3n a la informaci\u00f3n recogida [&hellip;]<\/p>\n","protected":false},"author":2,"featured_media":0,"parent":0,"menu_order":0,"comment_status":"closed","ping_status":"closed","template":"","meta":{"_et_pb_use_builder":"on","_et_pb_old_content":"","footnotes":""},"_links":{"self":[{"href":"https:\/\/18congreso.clubarbitraje.com\/en\/wp-json\/wp\/v2\/pages\/957"}],"collection":[{"href":"https:\/\/18congreso.clubarbitraje.com\/en\/wp-json\/wp\/v2\/pages"}],"about":[{"href":"https:\/\/18congreso.clubarbitraje.com\/en\/wp-json\/wp\/v2\/types\/page"}],"author":[{"embeddable":true,"href":"https:\/\/18congreso.clubarbitraje.com\/en\/wp-json\/wp\/v2\/users\/2"}],"replies":[{"embeddable":true,"href":"https:\/\/18congreso.clubarbitraje.com\/en\/wp-json\/wp\/v2\/comments?post=957"}],"version-history":[{"count":3,"href":"https:\/\/18congreso.clubarbitraje.com\/en\/wp-json\/wp\/v2\/pages\/957\/revisions"}],"predecessor-version":[{"id":965,"href":"https:\/\/18congreso.clubarbitraje.com\/en\/wp-json\/wp\/v2\/pages\/957\/revisions\/965"}],"wp:attachment":[{"href":"https:\/\/18congreso.clubarbitraje.com\/en\/wp-json\/wp\/v2\/media?parent=957"}],"curies":[{"name":"wp","href":"https:\/\/api.w.org\/{rel}","templated":true}]}}