{"id":2371,"date":"2019-03-07T14:27:27","date_gmt":"2019-03-07T13:27:27","guid":{"rendered":"https:\/\/17congreso.clubarbitraje.com\/inicio\/"},"modified":"2023-12-29T12:37:09","modified_gmt":"2023-12-29T11:37:09","slug":"inicio","status":"publish","type":"page","link":"http:\/\/18congreso.clubarbitraje.com\/en\/","title":{"rendered":"Inicio"},"content":{"rendered":"<p>[et_pb_section fb_built=&#8221;1&#8243; disabled_on=&#8221;off|off|off&#8221; _builder_version=&#8221;3.19.18&#8243; background_color=&#8221;rgba(255,255,255,0)&#8221; background_image=&#8221;http:\/\/18congreso.clubarbitraje.com\/wp-content\/uploads\/2023\/12\/cuadros.jpeg&#8221; background_blend=&#8221;overlay&#8221; custom_padding=&#8221;10vh||42vh&#8221; custom_css_main_element=&#8221;position:relative;&#8221; locked=&#8221;off&#8221;][et_pb_row use_custom_width=&#8221;on&#8221; custom_width_px=&#8221;1200px&#8221; disabled_on=&#8221;off|off|off&#8221; module_class=&#8221;modulo-header&#8221; _builder_version=&#8221;3.19.18&#8243;][et_pb_column type=&#8221;4_4&#8243; _builder_version=&#8221;3.19.18&#8243;][et_pb_text module_class=&#8221;titulo-header&#8221; _builder_version=&#8221;3.19.18&#8243; text_font=&#8221;||||||||&#8221; text_font_size_last_edited=&#8221;on|tablet&#8221; header_font=&#8221;|700||on|||||&#8221; header_text_align=&#8221;center&#8221; header_text_color=&#8221;#000000&#8243; header_font_size=&#8221;38px&#8221; header_font_size_tablet=&#8221;34px&#8221; header_font_size_phone=&#8221;28px&#8221; header_font_size_last_edited=&#8221;on|phone&#8221; header_letter_spacing=&#8221;2px&#8221; header_line_height=&#8221;1.2em&#8221; custom_margin=&#8221;||&#8221; custom_margin_tablet=&#8221;||&#8221; custom_margin_phone=&#8221;||0.5em&#8221; custom_margin_last_edited=&#8221;on|phone&#8221; animation_style=&#8221;slide&#8221; animation_direction=&#8221;top&#8221; animation_delay=&#8221;400ms&#8221;]<\/p>\n<h1>Arbitration and state: a complex symbiosis.<\/h1>\n<p>[\/et_pb_text][et_pb_text module_class=&#8221;fecha-header&#8221; _builder_version=&#8221;3.19.18&#8243; text_font=&#8221;Libre Franklin|700||on|||||&#8221; text_text_color=&#8221;#333333&#8243; text_font_size=&#8221;24px&#8221; text_font_size_tablet=&#8221;20px&#8221; text_font_size_phone=&#8221;18px&#8221; text_font_size_last_edited=&#8221;on|phone&#8221; text_letter_spacing=&#8221;2px&#8221; text_orientation=&#8221;center&#8221; custom_margin=&#8221;||0.5em|&#8221; custom_margin_tablet=&#8221;||0.5em&#8221; custom_margin_phone=&#8221;||&#8221; custom_margin_last_edited=&#8221;on|phone&#8221; animation_style=&#8221;slide&#8221; animation_direction=&#8221;bottom&#8221; animation_delay=&#8221;100ms&#8221;]<\/p>\n<p>June 9 to 11, 2024<\/p>\n<p>[\/et_pb_text][et_pb_text module_class=&#8221;lugar-header&#8221; _builder_version=&#8221;3.19.18&#8243; text_font=&#8221;Libre Franklin|500|||||||&#8221; text_text_color=&#8221;#333333&#8243; text_font_size=&#8221;24px&#8221; text_font_size_tablet=&#8221;22px&#8221; text_font_size_phone=&#8221;18px&#8221; text_font_size_last_edited=&#8221;on|tablet&#8221; text_letter_spacing=&#8221;2px&#8221; text_orientation=&#8221;center&#8221; custom_margin=&#8221;||2em&#8221; custom_margin_tablet=&#8221;||1em&#8221; custom_margin_last_edited=&#8221;on|phone&#8221; animation_style=&#8221;slide&#8221; animation_direction=&#8221;bottom&#8221; animation_delay=&#8221;700ms&#8221;]<\/p>\n<p>Hotel Meli\u00e1 Castilla, Madrid, Espa\u00f1a<\/p>\n<p>[\/et_pb_text][\/et_pb_column][\/et_pb_row][et_pb_row make_fullwidth=&#8221;on&#8221; custom_width_px=&#8221;1200px&#8221; custom_padding=&#8221;0px||0px||true&#8221; custom_margin=&#8221;0px||0px||true|true&#8221; padding_top_bottom_link_1=&#8221;true&#8221; padding_top_1=&#8221;0px&#8221; padding_bottom_1=&#8221;0px&#8221; disabled_on=&#8221;on|on|off&#8221; admin_label=&#8221;icono scroll&#8221; module_class=&#8221;modulo-header&#8221; _builder_version=&#8221;3.19.18&#8243; custom_css_main_element=&#8221;position:absolute!important;||bottom:-40px!important;||width: 100%!important;||left: 0!important;||right: 0!important;||margin: auto!important;||padding:0!important;&#8221;][et_pb_column type=&#8221;4_4&#8243; _builder_version=&#8221;3.19.18&#8243;][et_pb_text disabled_on=&#8221;off|off|off&#8221; _builder_version=&#8221;3.19.18&#8243; text_font=&#8221;||||||||&#8221; text_orientation=&#8221;center&#8221; custom_margin=&#8221;0px||0px||true&#8221; custom_padding=&#8221;0px||0px||true&#8221;]<\/p>\n<p><a class=\"bajar\" href=\"#abajo\"><img decoding=\"async\" class=\"wp-image-880 alignnone \" style=\"width: 150px;\" src=\"\/wp-content\/uploads\/2023\/12\/scroll.svg\" alt=\"Scroll\" \/><\/a><\/p>\n<p>[\/et_pb_text][\/et_pb_column][\/et_pb_row][\/et_pb_section][et_pb_section fb_built=&#8221;1&#8243; disabled_on=&#8221;off|off|off&#8221; module_class=&#8221;bloque-carta&#8221; _builder_version=&#8221;3.19.18&#8243; custom_margin=&#8221;||&#8221;][et_pb_row module_class=&#8221;contenedor-carta&#8221; _builder_version=&#8221;3.19.18&#8243; background_image=&#8221;https:\/\/18congreso.clubarbitraje.com\/wp-content\/uploads\/2019\/03\/fondo-carta.jpg&#8221; parallax=&#8221;on&#8221; locked=&#8221;off&#8221;][et_pb_column type=&#8221;4_4&#8243; _builder_version=&#8221;3.19.18&#8243;][et_pb_text admin_label=&#8221;Texto&#8221; module_id=&#8221;abajo&#8221; module_class=&#8221;texto-carta&#8221; _builder_version=&#8221;3.19.18&#8243; header_font=&#8221;||||||||&#8221; header_3_font=&#8221;|600|||||||&#8221; header_3_text_color=&#8221;#000000&#8243; header_3_font_size=&#8221;20px&#8221; header_3_font_size_tablet=&#8221;18px&#8221; header_3_font_size_phone=&#8221;16px&#8221; header_3_font_size_last_edited=&#8221;on|phone&#8221; custom_margin=&#8221;||&#8221;]<\/p>\n<h3>Queridos amigos:<\/h3>\n<p>[\/et_pb_text][et_pb_text admin_label=&#8221;Texto&#8221; module_class=&#8221;texto-carta&#8221; _builder_version=&#8221;3.19.18&#8243; text_font=&#8221;||||||||&#8221; max_width_tablet=&#8221;80%&#8221; max_width_phone=&#8221;80%&#8221; max_width_last_edited=&#8221;off|tablet&#8221; module_alignment=&#8221;center&#8221; custom_margin=&#8221;||&#8221; custom_padding=&#8221;||||true|true&#8221;]<\/p>\n<p>Como bien conoc\u00e9is todos los miembros del Club Espa\u00f1ol e Iberoamericano del Arbitraje (CEIA), desde su constituci\u00f3n el Club ha venido trabajando en cumplimiento de sus objetivos de promover el arbitraje en la comunidad empresarial y jur\u00eddica.<\/p>\n<p>Y gracias a los esfuerzos de todos, el CEIA es ya una espl\u00e9ndida realidad que cuenta con m\u00e1s de 1300 socios de 43 pa\u00edses distintos y con 31 Cap\u00edtulos internacionales (y varios en constituci\u00f3n) lo que nos permite estar en una posici\u00f3n privilegiada en cuanto a la perspectiva de la realidad y tendencias internacionales.<\/p>\n<p>Ese acervo es el que pretendemos aprovechar siempre en nuestro Congreso Anual, que venimos celebrando cada a\u00f1o desde el 2006 y que se ha convertido, gracias al apoyo que nos prest\u00e1is, en un acontecimiento ya obligado en las agendas del arbitraje internacional.<\/p>\n<p>En cada uno de los Congresos hemos intentado abordar temas que tuvieran una especial significaci\u00f3n y\/o actualidad en cada momento, y que, consiguientemente, revistieran un mayor inter\u00e9s para todos aquellos que, de una u otra forma, estamos ligados a la instituci\u00f3n del arbitraje, tarea que se hace m\u00e1s dif\u00edcil en cada edici\u00f3n.<\/p>\n<p>Siguiendo este criterio, el XVIII Congreso Internacional de Arbitraje tiene como t\u00edtulo \u201cARBITRAJE Y ESTADO: UNA SIMBIOSIS COMPLEJA\u201d.<\/p>\n<p>En \u00e9l se van a analizar temas muy novedosos que se est\u00e1n planteando en la pr\u00e1ctica como son el Estado y las medidas anti-proceso en el arbitraje; la responsabilidad del Estado por la denegaci\u00f3n del reconocimiento y ejecuci\u00f3n de convenios y laudo; el Estado como polic\u00eda contra la corrupci\u00f3n en el arbitraje; una visi\u00f3n 360\u00ba LATAM incidiendo en la actividad administrativa como objeto de disputas arbitrales y nuestros ya habituales Casos del a\u00f1o que en esta ocasi\u00f3n se referir\u00e1n a situaciones procesales cuando el Estado es parte.<\/p>\n<p>En el programa se detallan las sesiones de trabajo, que incluyen adem\u00e1s a speakers sobre temas de actualidad.<\/p>\n<p>Tanto los componentes de las Mesas como los speakers son prestigiosos ponentes de diferentes pa\u00edses y continentes, cuyo an\u00e1lisis se ver\u00e1 enriquecido por el intercambio de experiencias que los congresistas tendr\u00e1n la oportunidad de exponer en los coloquios previstos.<\/p>\n<p>Y, por supuesto, no nos hemos olvidado de la importancia y necesidad de ofrecer oportunidades de networking a los congresistas, por lo que hemos mantenido una amplia agenda de actos sociales, que ofrecer\u00e1n a los mismos numerosas oportunidades al mismo tiempo que disfrutan de lugares emblem\u00e1ticos de Madrid y de su magn\u00edfica gastronom\u00eda.<\/p>\n<p>Queremos agradeceros, una vez m\u00e1s, vuestro continuado apoyo e invitaros a que, con vuestra presencia, que es el motor y raz\u00f3n de ser del Congreso, hag\u00e1is posible, un a\u00f1o m\u00e1s, el \u00e9xito del mismo.<\/p>\n<p>Ser\u00e1 un placer tener la oportunidad de daros personalmente la bienvenida a Madrid y a nuestro Congreso.<\/p>\n<p>Un cordial saludo,<\/p>\n<div class=\"flexibox\">\n<div>\n<p><strong>Alfonso Iglesia<\/strong><br \/> <strong style=\"color: #6ba0ae;\">Presidente del CEIA<\/strong><\/p>\n<\/div>\n<div>\n<p><strong>Julio Gonz\u00e1lez Soria<\/strong><br \/> <strong style=\"color: #6ba0ae;\">Presidente Comit\u00e9 Organizador del<\/strong><br \/> <strong style=\"color: #6ba0ae;\">Congreso. Vicepresidente del CEIA. <\/strong><\/p>\n<\/div>\n<\/div>\n<p>[\/et_pb_text][\/et_pb_column][\/et_pb_row][\/et_pb_section][et_pb_section fb_built=&#8221;1&#8243; disabled_on=&#8221;on|on|on&#8221; module_class=&#8221;contenedor-colaboradores&#8221; _builder_version=&#8221;3.19.18&#8243; custom_margin=&#8221;||5em&#8221; disabled=&#8221;on&#8221; saved_tabs=&#8221;all&#8221;][et_pb_row custom_margin=&#8221;2em||&#8221; _builder_version=&#8221;3.19.18&#8243;][et_pb_column type=&#8221;4_4&#8243; _builder_version=&#8221;3.19.18&#8243;][et_pb_text _builder_version=&#8221;3.19.18&#8243; header_font=&#8221;||||||||&#8221; header_2_font=&#8221;|700|||||||&#8221; header_2_text_align=&#8221;center&#8221; header_2_font_size=&#8221;27px&#8221;]<\/p>\n<h2>COLABORADOR PLATINO<\/h2>\n<p>[\/et_pb_text][\/et_pb_column][\/et_pb_row][et_pb_row custom_padding=&#8221;||&#8221; make_equal=&#8221;on&#8221; disabled_on=&#8221;off|off|off&#8221; module_class=&#8221;bloque-colaboradores platino&#8221; _builder_version=&#8221;3.19.18&#8243;][et_pb_column type=&#8221;1_4&#8243; _builder_version=&#8221;3.19.18&#8243;][et_pb_image src=&#8221;https:\/\/18congreso.clubarbitraje.com\/wp-content\/uploads\/2019\/03\/AM_Stacked.png&#8221; align=&#8221;center&#8221; disabled_on=&#8221;off|off|off&#8221; admin_label=&#8221;alvarez&#8221; module_class=&#8221;ico-colaborador con-marco&#8221; _builder_version=&#8221;3.19.18&#8243;][\/et_pb_image][\/et_pb_column][et_pb_column type=&#8221;1_4&#8243; _builder_version=&#8221;3.19.18&#8243;][et_pb_image src=&#8221;https:\/\/18congreso.clubarbitraje.com\/wp-content\/uploads\/2019\/03\/duff-and-phelps.png&#8221; align=&#8221;center&#8221; disabled_on=&#8221;on|on|on&#8221; admin_label=&#8221;duff&#8221; module_class=&#8221;ico-colaborador con-marco&#8221; _builder_version=&#8221;3.19.18&#8243; disabled=&#8221;on&#8221; locked=&#8221;off&#8221;][\/et_pb_image][\/et_pb_column][et_pb_column type=&#8221;1_4&#8243; _builder_version=&#8221;3.19.18&#8243;][et_pb_image src=&#8221;https:\/\/18congreso.clubarbitraje.com\/wp-content\/uploads\/2019\/04\/EY.png&#8221; url=&#8221;\/colaborador-plata\/&#8221; align=&#8221;center&#8221; disabled_on=&#8221;on|on|on&#8221; admin_label=&#8221;ey&#8221; module_class=&#8221;ico-colaborador con-marco&#8221; _builder_version=&#8221;3.19.18&#8243; disabled=&#8221;on&#8221;][\/et_pb_image][\/et_pb_column][et_pb_column type=&#8221;1_4&#8243; _builder_version=&#8221;3.19.18&#8243;][et_pb_image src=&#8221;https:\/\/18congreso.clubarbitraje.com\/wp-content\/uploads\/2019\/05\/rockmond.png&#8221; url=&#8221;\/colaborador-plata\/&#8221; align=&#8221;center&#8221; disabled_on=&#8221;on|on|on&#8221; admin_label=&#8221;rockmond&#8221; module_class=&#8221;ico-colaborador con-marco&#8221; _builder_version=&#8221;3.19.18&#8243; disabled=&#8221;on&#8221; locked=&#8221;off&#8221;][\/et_pb_image][\/et_pb_column][\/et_pb_row][\/et_pb_section][et_pb_section fb_built=&#8221;1&#8243; fullwidth=&#8221;on&#8221; _builder_version=&#8221;3.19.18&#8243;][et_pb_fullwidth_code module_id=&#8221;mapa&#8221; _builder_version=&#8221;3.19.18&#8243; filter_saturate=&#8221;0%&#8221;]<iframe src=\"https:\/\/www.google.com\/maps\/embed?pb=!1m18!1m12!1m3!1d3035.6246294523844!2d-3.694341548506231!3d40.4614443607403!2m3!1f0!2f0!3f0!3m2!1i1024!2i768!4f13.1!3m3!1m2!1s0xd42291addc8ee85%3A0xd1ce794508da5e9d!2sHotel%20Meli%C3%A1%20Castilla!5e0!3m2!1ses!2ses!4v1622205378824!5m2!1ses!2ses\" width=\"100%\" height=\"400\" style=\"border:0;\" allowfullscreen=\"\" loading=\"lazy\"><\/iframe>[\/et_pb_fullwidth_code][\/et_pb_section]<\/p>\n","protected":false},"excerpt":{"rendered":"<p>[et_pb_section fb_built=&#8221;1&#8243; disabled_on=&#8221;off|off|off&#8221; _builder_version=&#8221;3.19.18&#8243; background_color=&#8221;rgba(255,255,255,0)&#8221; background_image=&#8221;http:\/\/18congreso.clubarbitraje.com\/wp-content\/uploads\/2023\/12\/cuadros.jpeg&#8221; background_blend=&#8221;overlay&#8221; custom_padding=&#8221;10vh||42vh&#8221; custom_css_main_element=&#8221;position:relative;&#8221; locked=&#8221;off&#8221;][et_pb_row use_custom_width=&#8221;on&#8221; custom_width_px=&#8221;1200px&#8221; disabled_on=&#8221;off|off|off&#8221; module_class=&#8221;modulo-header&#8221; _builder_version=&#8221;3.19.18&#8243;][et_pb_column type=&#8221;4_4&#8243; _builder_version=&#8221;3.19.18&#8243;][et_pb_text module_class=&#8221;titulo-header&#8221; _builder_version=&#8221;3.19.18&#8243; text_font=&#8221;||||||||&#8221; text_font_size_last_edited=&#8221;on|tablet&#8221; header_font=&#8221;|700||on|||||&#8221; header_text_align=&#8221;center&#8221; header_text_color=&#8221;#000000&#8243; header_font_size=&#8221;38px&#8221; header_font_size_tablet=&#8221;34px&#8221; header_font_size_phone=&#8221;28px&#8221; header_font_size_last_edited=&#8221;on|phone&#8221; header_letter_spacing=&#8221;2px&#8221; header_line_height=&#8221;1.2em&#8221; custom_margin=&#8221;||&#8221; custom_margin_tablet=&#8221;||&#8221; custom_margin_phone=&#8221;||0.5em&#8221; custom_margin_last_edited=&#8221;on|phone&#8221; animation_style=&#8221;slide&#8221; animation_direction=&#8221;top&#8221; animation_delay=&#8221;400ms&#8221;] Arbitration and state: a complex symbiosis. [\/et_pb_text][et_pb_text module_class=&#8221;fecha-header&#8221; _builder_version=&#8221;3.19.18&#8243; text_font=&#8221;Libre Franklin|700||on|||||&#8221; text_text_color=&#8221;#333333&#8243; text_font_size=&#8221;24px&#8221; text_font_size_tablet=&#8221;20px&#8221; text_font_size_phone=&#8221;18px&#8221; text_font_size_last_edited=&#8221;on|phone&#8221; text_letter_spacing=&#8221;2px&#8221; text_orientation=&#8221;center&#8221; [&hellip;]<\/p>\n","protected":false},"author":2,"featured_media":0,"parent":0,"menu_order":0,"comment_status":"closed","ping_status":"closed","template":"","meta":{"_et_pb_use_builder":"on","_et_pb_old_content":"","footnotes":""},"_links":{"self":[{"href":"http:\/\/18congreso.clubarbitraje.com\/en\/wp-json\/wp\/v2\/pages\/2371"}],"collection":[{"href":"http:\/\/18congreso.clubarbitraje.com\/en\/wp-json\/wp\/v2\/pages"}],"about":[{"href":"http:\/\/18congreso.clubarbitraje.com\/en\/wp-json\/wp\/v2\/types\/page"}],"author":[{"embeddable":true,"href":"http:\/\/18congreso.clubarbitraje.com\/en\/wp-json\/wp\/v2\/users\/2"}],"replies":[{"embeddable":true,"href":"http:\/\/18congreso.clubarbitraje.com\/en\/wp-json\/wp\/v2\/comments?post=2371"}],"version-history":[{"count":5,"href":"http:\/\/18congreso.clubarbitraje.com\/en\/wp-json\/wp\/v2\/pages\/2371\/revisions"}],"predecessor-version":[{"id":2843,"href":"http:\/\/18congreso.clubarbitraje.com\/en\/wp-json\/wp\/v2\/pages\/2371\/revisions\/2843"}],"wp:attachment":[{"href":"http:\/\/18congreso.clubarbitraje.com\/en\/wp-json\/wp\/v2\/media?parent=2371"}],"curies":[{"name":"wp","href":"https:\/\/api.w.org\/{rel}","templated":true}]}}